{"id":11,"date":"2016-11-07T13:02:53","date_gmt":"2016-11-07T13:02:53","guid":{"rendered":"http:\/\/www.lunchroomwaar.org\/?page_id=11"},"modified":"2021-11-19T16:58:12","modified_gmt":"2021-11-19T16:58:12","slug":"assortiment","status":"publish","type":"page","link":"https:\/\/www.witting.nu\/de\/assortiment\/","title":{"rendered":"Kollektion"},"content":{"rendered":"H. Witting &amp; Zn hat sowohl Kopfbedeckungen f\u00fcr Herren als auch f\u00fcr Damen. Die Kollektion ist nicht nur trendy und aktuell sondern auch au\u00dfergew\u00f6hnlich funktional. Alle gro\u00dfen Hutmarken von namenhaften Hutherstellern sind vertreten: <a href=\"https:\/\/huete-muetzen.blogspot.com\/2020\/10\/borsalino.html\" target=\"_blank\" rel=\"noopener\">Borsalino<\/a>, <a href=\"https:\/\/huete-muetzen.blogspot.com\/2020\/10\/mayser.html\" target=\"_blank\" rel=\"noopener\">Mayser<\/a>, <a href=\"http:\/\/www.stetsonhat.com\/\" target=\"_blank\" rel=\"noopener\">Stetson<\/a>, <a href=\"https:\/\/hats-caps.blogspot.com\/2020\/09\/kangol.html?m=1\" target=\"_blank\" rel=\"noopener\">Kangol<\/a>, <a href=\"https:\/\/huete-muetzen.blogspot.com\/2020\/09\/wigens.html\" target=\"_blank\" rel=\"noopener\">Wigens<\/a>, Guerra, Burke &amp; Wills, Failsworth und <a href=\"http:\/\/www.witting.nu\/\" target=\"_blank\" rel=\"noopener\">Witting<\/a>!<\/p>\n<p>Web shopping? Hut oder M\u00fctze online kaufen ist bei uns m\u00f6glich! <span class=\"st\"><em>Bestellung telefonisch<\/em> oder per E-<em>Mail<\/em><\/span>\u00a0 <span class=\"st\"><em>worldwide delivery<\/em><\/span> \/ shipping<\/p>\n<p>Die meisten sind erh\u00e4ltlich in den Gr\u00f6\u00dfen 53,54,55,56,57,58,59,60,61,62,63,64,65.oder Gr\u00f6\u00dfe S,M,L,XL,XXL H. Witting &amp; Zn verkauft nicht nur H\u00fcte und M\u00fctzen aber auch Modeaccessoires. Auch Schals, Handschuhe von Witting Laimb\u00f6ck, Hosentr\u00e4ger, Krawatten, Krawattennadeln, Manschettenkn\u00f6pfe, Fliegen, Chokers, Wanderst\u00f6cke, Spazierst\u00f6cke, Krankenst\u00f6cke ,Knirps Regenschirme und Bugatti windproof, geh\u00f6ren zum Sortiment. Zus\u00e4tzlich k\u00f6nnen Herren sich nach Nachtw\u00e4sche, Bademode und Unterw\u00e4sche aus dem Hause Olaf Benz und der franz\u00f6sischen Marke HOM umschauen.","protected":false},"excerpt":{"rendered":"<p>H. Witting &amp; Zn hat sowohl Kopfbedeckungen f\u00fcr Herren als auch f\u00fcr Damen. Die Kollektion ist nicht nur trendy und aktuell sondern auch au\u00dfergew\u00f6hnlich funktional. Alle gro\u00dfen Hutmarken von namenhaften Hutherstellern sind vertreten: Borsalino, Mayser, Stetson, Kangol, Wigens, Guerra, Burke &amp; Wills, Failsworth und Witting! Web shopping? Hut oder M\u00fctze online kaufen ist bei uns &#8230;<\/p>\n","protected":false},"author":1,"featured_media":0,"parent":0,"menu_order":3,"comment_status":"closed","ping_status":"closed","template":"template-menu.php","meta":{"footnotes":""},"class_list":["post-11","page","type-page","status-publish","hentry"],"_links":{"self":[{"href":"https:\/\/www.witting.nu\/de\/wp-json\/wp\/v2\/pages\/11","targetHints":{"allow":["GET"]}}],"collection":[{"href":"https:\/\/www.witting.nu\/de\/wp-json\/wp\/v2\/pages"}],"about":[{"href":"https:\/\/www.witting.nu\/de\/wp-json\/wp\/v2\/types\/page"}],"author":[{"embeddable":true,"href":"https:\/\/www.witting.nu\/de\/wp-json\/wp\/v2\/users\/1"}],"replies":[{"embeddable":true,"href":"https:\/\/www.witting.nu\/de\/wp-json\/wp\/v2\/comments?post=11"}],"version-history":[{"count":0,"href":"https:\/\/www.witting.nu\/de\/wp-json\/wp\/v2\/pages\/11\/revisions"}],"wp:attachment":[{"href":"https:\/\/www.witting.nu\/de\/wp-json\/wp\/v2\/media?parent=11"}],"curies":[{"name":"wp","href":"https:\/\/api.w.org\/{rel}","templated":true}]}}