{"id":7,"date":"2016-11-07T13:00:28","date_gmt":"2016-11-07T13:00:28","guid":{"rendered":"http:\/\/www.lunchroomwaar.org\/?page_id=7"},"modified":"2016-11-17T07:52:33","modified_gmt":"2016-11-17T07:52:33","slug":"historie","status":"publish","type":"page","link":"https:\/\/www.witting.nu\/de\/historie\/","title":{"rendered":"Geschichte"},"content":{"rendered":"<img loading=\"lazy\" decoding=\"async\" class=\"fy-image fy-image-responsive fy-lazy alignleft wp-image-21 size-large\" src=\"https:\/\/www.witting.nu\/wp-content\/themes\/avocado\/frontend\/assets\/images\/placeholder.png\" data-src=\"http:\/\/www.witting.nu\/wp-content\/uploads\/2016\/11\/witting-groningen-e1478608469665-1024x514.jpg\" alt=\"witting groningen\" width=\"1024\" height=\"514\" \/><noscript><img loading=\"lazy\" decoding=\"async\" class=\"alignleft wp-image-21 size-large\" src=\"http:\/\/www.witting.nu\/wp-content\/uploads\/2016\/11\/witting-groningen-e1478608469665-1024x514.jpg\" alt=\"witting groningen\" width=\"1024\" height=\"514\" \/><\/noscript><\/p>\n<p>Der Name Witting ist in Groningen und weit \u00fcber die Grenze hinaus\u00a0 bekannt Name. Die angesehene Firma existiert schon seit 1876.<\/p>\n<p>In 1876 gr\u00fcndete H. Witting und sein Sohn Albertus eine M\u00fctzenfabrik an der Oosterstraat 51 in Groningen. In dem Geb\u00e4ude, datiert von 1778, wurden Qualit\u00e4tsm\u00fctzen und sp\u00e4ter auch H\u00fcte produziert. Die Kopfbedeckungen machten durch ihre besonders gute Passform auf sich aufmerksam. Neben der Hut- und M\u00fctzenproduktion besch\u00e4ftigte sich Albertus Witting nach dem Tod seines Vater auch mit dem Verkauf von Modeaccessoires.<br \/>\nWeil Albertus Witting keine Kinder hatte kam in den 30er Jahren Fam. Nissink in den Hutladen an der Oosterstraat.<\/p>\n<p>Das Hutgesch\u00e4ft behielt seinen Namen H. Witting &amp; Zn, weil es unter diesem Namen auch damals schon weit und breit bekannt war. Aber auch Fam. Nissink hatte keine Nachfolger. Und in 1960 wurde die Firma und das Geb\u00e4ude durch Arnold. F. Bakker, Vater des heutigen Eigent\u00fcmers, gekauft. Noch immer tr\u00e4gt das Hut- und M\u00fctzengesch\u00e4ft den Namen H. Witting &amp; Zn, zur Ehre an H. Witting.<\/p>\n<p>Der Firmengr\u00fcnder hat sich bei Hutliebhabern von Qualit\u00e4tskopfbedeckungen mit diesem Namen einen gro\u00dfen Bekanntheitsgrad erworben. Qualit\u00e4t und eine gute Passform werden\u00a0 auch heute noch gro\u00df geschrieben.<\/p>\n<p>Ein Witting Hut steht dir gut!","protected":false},"excerpt":{"rendered":"<p>Der Name Witting ist in Groningen und weit \u00fcber die Grenze hinaus\u00a0 bekannt Name. Die angesehene Firma existiert schon seit 1876. In 1876 gr\u00fcndete H. Witting und sein Sohn Albertus eine M\u00fctzenfabrik an der Oosterstraat 51 in Groningen. In dem Geb\u00e4ude, datiert von 1778, wurden Qualit\u00e4tsm\u00fctzen und sp\u00e4ter auch H\u00fcte produziert. Die Kopfbedeckungen machten durch &#8230;<\/p>\n","protected":false},"author":1,"featured_media":0,"parent":0,"menu_order":2,"comment_status":"closed","ping_status":"closed","template":"","meta":{"footnotes":""},"class_list":["post-7","page","type-page","status-publish","hentry"],"_links":{"self":[{"href":"https:\/\/www.witting.nu\/de\/wp-json\/wp\/v2\/pages\/7","targetHints":{"allow":["GET"]}}],"collection":[{"href":"https:\/\/www.witting.nu\/de\/wp-json\/wp\/v2\/pages"}],"about":[{"href":"https:\/\/www.witting.nu\/de\/wp-json\/wp\/v2\/types\/page"}],"author":[{"embeddable":true,"href":"https:\/\/www.witting.nu\/de\/wp-json\/wp\/v2\/users\/1"}],"replies":[{"embeddable":true,"href":"https:\/\/www.witting.nu\/de\/wp-json\/wp\/v2\/comments?post=7"}],"version-history":[{"count":0,"href":"https:\/\/www.witting.nu\/de\/wp-json\/wp\/v2\/pages\/7\/revisions"}],"wp:attachment":[{"href":"https:\/\/www.witting.nu\/de\/wp-json\/wp\/v2\/media?parent=7"}],"curies":[{"name":"wp","href":"https:\/\/api.w.org\/{rel}","templated":true}]}}