{"id":88,"date":"2016-11-08T13:10:38","date_gmt":"2016-11-08T13:10:38","guid":{"rendered":"http:\/\/www.lunchroomwaar.org\/?page_id=88"},"modified":"2026-01-28T14:15:08","modified_gmt":"2026-01-28T14:15:08","slug":"over-ons","status":"publish","type":"page","link":"https:\/\/www.witting.nu\/de\/over-ons\/","title":{"rendered":"Uber uns"},"content":{"rendered":"Seit mehr als 150 Jahren ist das Hut- und M\u00fctzengesch\u00e4ft H.Witting &amp; Zn ein Begriff in der Stadt und \u201cProvincie\u201d Groningen. Aber auch Hutliebhaber weit \u00fcber die Grenze hinaus sind Kunde von diesem au\u00dfergew\u00f6hnlichen Hutladen.<\/p>\n<p>Etabliert in einem \u00fcber Jahrzehnte markanten Geb\u00e4ude an der Oosterstraat im Zentrum\u00a0 der gem\u00fctlichen Studentenstadt Groningen strahlt H.Witting &amp; Zn eine h\u00f6fliche Eleganz aus.<br \/>\nNicht nur die Fassade ist das Anschauen wert, auch die Einrichtung ist beeindruckend.<\/p>\n<p>Beim Betreten des Hutladens klingelt es genau so wie vor hundert<br \/>\nJahren. Vieles von der Einrichtung ist geblieben: deckenhohe, Wandschr\u00e4nke, eichenh\u00f6lzerner Tresen, eine riesige antike Kasse. Alles ist wie fr\u00fcher.<\/p>\n<p>Gott sei Dank ist die Kollektion up- to- date. In jeder Saison werden die modischen H\u00fcte, M\u00fctzen und andere trendy Kopfbedeckungen aus aller Welt geliefert. Ein Blick in diesen sch\u00f6nen Hutladen gen\u00fcgt und man sieht die riesige Auswahl die H.Witting &amp; Zn zu bieten hat. Nach 150 Jahren Erfahrung ist H.Witting &amp; Zn mit H\u00fcte, M\u00fctzen und Modeaccessoires immer noch eine vertrauensw\u00fcrdige Adresse.<\/p>\n<p>&nbsp;<\/p>\n<p>&nbsp;<\/p>\n<p>Ein Witting\u00a0 M\u00fctze oder Hut\u00a0 steht jedem gut!<\/p>\n<p>&nbsp;","protected":false},"excerpt":{"rendered":"<p>Seit mehr als 150 Jahren ist das Hut- und M\u00fctzengesch\u00e4ft H.Witting &amp; Zn ein Begriff in der Stadt und \u201cProvincie\u201d Groningen. Aber auch Hutliebhaber weit \u00fcber die Grenze hinaus sind Kunde von diesem au\u00dfergew\u00f6hnlichen Hutladen. Etabliert in einem \u00fcber Jahrzehnte markanten Geb\u00e4ude an der Oosterstraat im Zentrum\u00a0 der gem\u00fctlichen Studentenstadt Groningen strahlt H.Witting &amp; Zn &#8230;<\/p>\n","protected":false},"author":1,"featured_media":0,"parent":0,"menu_order":2,"comment_status":"closed","ping_status":"closed","template":"","meta":{"footnotes":""},"class_list":["post-88","page","type-page","status-publish","hentry"],"_links":{"self":[{"href":"https:\/\/www.witting.nu\/de\/wp-json\/wp\/v2\/pages\/88","targetHints":{"allow":["GET"]}}],"collection":[{"href":"https:\/\/www.witting.nu\/de\/wp-json\/wp\/v2\/pages"}],"about":[{"href":"https:\/\/www.witting.nu\/de\/wp-json\/wp\/v2\/types\/page"}],"author":[{"embeddable":true,"href":"https:\/\/www.witting.nu\/de\/wp-json\/wp\/v2\/users\/1"}],"replies":[{"embeddable":true,"href":"https:\/\/www.witting.nu\/de\/wp-json\/wp\/v2\/comments?post=88"}],"version-history":[{"count":12,"href":"https:\/\/www.witting.nu\/de\/wp-json\/wp\/v2\/pages\/88\/revisions"}],"predecessor-version":[{"id":1659,"href":"https:\/\/www.witting.nu\/de\/wp-json\/wp\/v2\/pages\/88\/revisions\/1659"}],"wp:attachment":[{"href":"https:\/\/www.witting.nu\/de\/wp-json\/wp\/v2\/media?parent=88"}],"curies":[{"name":"wp","href":"https:\/\/api.w.org\/{rel}","templated":true}]}}